{"id":10,"date":"2025-12-23T11:39:28","date_gmt":"2025-12-23T11:39:28","guid":{"rendered":"https:\/\/libreriamaruri.rkinformatika.online\/?page_id=10"},"modified":"2025-12-24T10:48:35","modified_gmt":"2025-12-24T10:48:35","slug":"inicio","status":"publish","type":"page","link":"https:\/\/libreriamaruri.com\/eu\/","title":{"rendered":"Hasiera"},"content":{"rendered":"\t\t<div data-elementor-type=\"wp-page\" data-elementor-id=\"10\" class=\"elementor elementor-10\" data-elementor-post-type=\"page\">\n\t\t\t\t<div class=\"elementor-element elementor-element-eed69db e-flex e-con-boxed e-con e-parent\" data-id=\"eed69db\" data-element_type=\"container\" data-e-type=\"container\" data-settings=\"{&quot;background_background&quot;:&quot;classic&quot;}\">\n\t\t\t\t\t<div class=\"e-con-inner\">\n\t\t\t\t<div class=\"elementor-element elementor-element-9a5ae26 elementor-widget elementor-widget-heading\" data-id=\"9a5ae26\" data-element_type=\"widget\" data-e-type=\"widget\" data-widget_type=\"heading.default\">\n\t\t\t\t\t<h2 class=\"elementor-heading-title elementor-size-default\">Librer\u00eda Maruri<\/h2>\t\t\t\t<\/div>\n\t\t\t\t\t<\/div>\n\t\t\t\t<\/div>\n\t\t<div class=\"elementor-element elementor-element-1bfb66d e-flex e-con-boxed e-con e-parent\" data-id=\"1bfb66d\" data-element_type=\"container\" data-e-type=\"container\">\n\t\t\t\t\t<div class=\"e-con-inner\">\n\t\t<div class=\"elementor-element elementor-element-1fde25f e-con-full e-flex e-con e-child\" data-id=\"1fde25f\" data-element_type=\"container\" data-e-type=\"container\">\n\t\t\t\t<div class=\"elementor-element elementor-element-1ba259d elementor-widget elementor-widget-heading\" data-id=\"1ba259d\" data-element_type=\"widget\" data-e-type=\"widget\" data-widget_type=\"heading.default\">\n\t\t\t\t\t<h2 class=\"elementor-heading-title elementor-size-default\">Sobre nosotros<\/h2>\t\t\t\t<\/div>\n\t\t\t\t<div class=\"elementor-element elementor-element-07e81e1 elementor-widget elementor-widget-text-editor\" data-id=\"07e81e1\" data-element_type=\"widget\" data-e-type=\"widget\" data-widget_type=\"text-editor.default\">\n\t\t\t\t\t\t\t\t\t<div class=\"flex flex-col text-sm pb-25\"><article class=\"text-token-text-primary w-full focus:outline-none [--shadow-height:45px] has-data-writing-block:pointer-events-none has-data-writing-block:-mt-(--shadow-height) has-data-writing-block:pt-(--shadow-height) [&amp;:has([data-writing-block])&gt;*]:pointer-events-auto scroll-mt-[calc(var(--header-height)+min(200px,max(70px,20svh)))]\" dir=\"auto\" tabindex=\"-1\" data-turn-id=\"request-WEB:422f7816-5e05-48b2-bd0d-6bd1d2dde890-5\" data-testid=\"conversation-turn-12\" data-scroll-anchor=\"true\" data-turn=\"assistant\"><div class=\"text-base my-auto mx-auto pb-10 [--thread-content-margin:--spacing(4)] @w-sm\/main:[--thread-content-margin:--spacing(6)] @w-lg\/main:[--thread-content-margin:--spacing(16)] px-(--thread-content-margin)\"><div class=\"[--thread-content-max-width:40rem] @w-lg\/main:[--thread-content-max-width:48rem] mx-auto max-w-(--thread-content-max-width) flex-1 group\/turn-messages focus-visible:outline-hidden relative flex w-full min-w-0 flex-col agent-turn\" tabindex=\"-1\"><div class=\"flex max-w-full flex-col grow\"><div class=\"min-h-8 text-message relative flex w-full flex-col items-end gap-2 text-start break-words whitespace-normal [.text-message+&amp;]:mt-1\" dir=\"auto\" data-message-author-role=\"assistant\" data-message-id=\"050925ff-fa8f-47ed-a116-dcd122fb6551\" data-message-model-slug=\"gpt-5-2\"><div class=\"flex w-full flex-col gap-1 empty:hidden first:pt-[1px]\"><div class=\"markdown prose dark:prose-invert w-full break-words light markdown-new-styling\"><p data-start=\"0\" data-end=\"642\" data-is-last-node=\"\" data-is-only-node=\"\">Esta librer\u00eda es un espacio dedicado a la lectura y a la vida cotidiana de sus clientes. En sus estanter\u00edas conviven libros para todas las edades con una cuidada selecci\u00f3n de prensa y revistas, creando un lugar donde informarse y descubrir nuevas historias. Adem\u00e1s, ofrece servicios pr\u00e1cticos como fotocopias, encuadernaciones y plastificaciones, pensados para estudiantes, profesionales y lectores habituales. Tambi\u00e9n dispone de servicio de fax y sellos por encargo, facilitando gestiones de forma r\u00e1pida y cercana. Desde 1973, esta librer\u00eda mantiene el compromiso de acercarte a la lectura con tradici\u00f3n, confianza y atenci\u00f3n personalizada.<\/p><\/div><\/div><\/div><\/div><\/div><\/div><\/article><\/div>\t\t\t\t\t\t\t\t<\/div>\n\t\t\t\t<\/div>\n\t\t<div class=\"elementor-element elementor-element-6b7a40d e-con-full e-flex e-con e-child\" data-id=\"6b7a40d\" data-element_type=\"container\" data-e-type=\"container\" data-settings=\"{&quot;background_background&quot;:&quot;classic&quot;}\">\n\t\t\t\t<div class=\"elementor-element elementor-element-eddabb4 elementor-widget elementor-widget-image\" data-id=\"eddabb4\" data-element_type=\"widget\" data-e-type=\"widget\" data-widget_type=\"image.default\">\n\t\t\t\t\t\t\t\t\t\t\t\t\t\t\t<img fetchpriority=\"high\" decoding=\"async\" width=\"585\" height=\"510\" src=\"https:\/\/libreriamaruri.com\/wp-content\/uploads\/2025\/12\/unnamed-1.webp\" class=\"attachment-large size-large wp-image-309\" alt=\"\" srcset=\"https:\/\/libreriamaruri.com\/wp-content\/uploads\/2025\/12\/unnamed-1.webp 585w, https:\/\/libreriamaruri.com\/wp-content\/uploads\/2025\/12\/unnamed-1-300x262.webp 300w, https:\/\/libreriamaruri.com\/wp-content\/uploads\/2025\/12\/unnamed-1-14x12.webp 14w\" sizes=\"(max-width: 585px) 100vw, 585px\" \/>\t\t\t\t\t\t\t\t\t\t\t\t\t\t\t<\/div>\n\t\t\t\t<\/div>\n\t\t\t\t\t<\/div>\n\t\t\t\t<\/div>\n\t\t<div class=\"elementor-element elementor-element-e6eef72 e-flex e-con-boxed e-con e-parent\" data-id=\"e6eef72\" data-element_type=\"container\" data-e-type=\"container\" data-settings=\"{&quot;background_background&quot;:&quot;classic&quot;}\">\n\t\t\t\t\t<div class=\"e-con-inner\">\n\t\t\t\t<div class=\"elementor-element elementor-element-b83ac39 elementor-align-center elementor-widget elementor-widget-button\" data-id=\"b83ac39\" data-element_type=\"widget\" data-e-type=\"widget\" data-widget_type=\"button.default\">\n\t\t\t\t\t\t\t\t\t\t<a class=\"elementor-button elementor-button-link elementor-size-sm elementor-animation-grow\" href=\"\/servicios\">\n\t\t\t\t\t\t<span class=\"elementor-button-content-wrapper\">\n\t\t\t\t\t\t\t\t\t<span class=\"elementor-button-text\">Ir a servicios<\/span>\n\t\t\t\t\t<\/span>\n\t\t\t\t\t<\/a>\n\t\t\t\t\t\t\t\t<\/div>\n\t\t\t\t\t<\/div>\n\t\t\t\t<\/div>\n\t\t\t\t<\/div>\n\t\t","protected":false},"excerpt":{"rendered":"<p>Librer\u00eda Maruri Sobre nosotros Esta librer\u00eda es un espacio dedicado a la lectura y a la vida cotidiana de sus clientes. En sus estanter\u00edas conviven libros para todas las edades con una cuidada selecci\u00f3n de prensa y revistas, creando un lugar donde informarse y descubrir nuevas historias. Adem\u00e1s, ofrece servicios pr\u00e1cticos como fotocopias, encuadernaciones y [&hellip;]<\/p>\n","protected":false},"author":1,"featured_media":0,"parent":0,"menu_order":0,"comment_status":"closed","ping_status":"closed","template":"elementor_canvas","meta":{"footnotes":""},"class_list":["post-10","page","type-page","status-publish","hentry"],"yoast_head":"<!-- This site is optimized with the Yoast SEO plugin v27.3 - https:\/\/yoast.com\/product\/yoast-seo-wordpress\/ -->\n<title>Inicio - Librer\u00eda Maruri<\/title>\n<meta name=\"robots\" content=\"index, follow, max-snippet:-1, max-image-preview:large, max-video-preview:-1\" \/>\n<link rel=\"canonical\" href=\"https:\/\/libreriamaruri.com\/eu\/\" \/>\n<meta property=\"og:locale\" content=\"en_US\" \/>\n<meta property=\"og:type\" content=\"article\" \/>\n<meta property=\"og:title\" content=\"Inicio - Librer\u00eda Maruri\" \/>\n<meta property=\"og:description\" content=\"Librer\u00eda Maruri Sobre nosotros Esta librer\u00eda es un espacio dedicado a la lectura y a la vida cotidiana de sus clientes. En sus estanter\u00edas conviven libros para todas las edades con una cuidada selecci\u00f3n de prensa y revistas, creando un lugar donde informarse y descubrir nuevas historias. Adem\u00e1s, ofrece servicios pr\u00e1cticos como fotocopias, encuadernaciones y [&hellip;]\" \/>\n<meta property=\"og:url\" content=\"https:\/\/libreriamaruri.com\/eu\/\" \/>\n<meta property=\"og:site_name\" content=\"Librer\u00eda Maruri\" \/>\n<meta property=\"article:modified_time\" content=\"2025-12-24T10:48:35+00:00\" \/>\n<meta property=\"og:image\" content=\"https:\/\/libreriamaruri.com\/wp-content\/uploads\/2025\/12\/unnamed-1.webp\" \/>\n<meta name=\"twitter:card\" content=\"summary_large_image\" \/>\n<meta name=\"twitter:label1\" content=\"Est. reading time\" \/>\n\t<meta name=\"twitter:data1\" content=\"1 minutua\" \/>\n<script type=\"application\/ld+json\" class=\"yoast-schema-graph\">{\"@context\":\"https:\\\/\\\/schema.org\",\"@graph\":[{\"@type\":\"WebPage\",\"@id\":\"https:\\\/\\\/libreriamaruri.com\\\/\",\"url\":\"https:\\\/\\\/libreriamaruri.com\\\/\",\"name\":\"Inicio - Librer\u00eda Maruri\",\"isPartOf\":{\"@id\":\"https:\\\/\\\/libreriamaruri.com\\\/#website\"},\"primaryImageOfPage\":{\"@id\":\"https:\\\/\\\/libreriamaruri.com\\\/#primaryimage\"},\"image\":{\"@id\":\"https:\\\/\\\/libreriamaruri.com\\\/#primaryimage\"},\"thumbnailUrl\":\"https:\\\/\\\/libreriamaruri.com\\\/wp-content\\\/uploads\\\/2025\\\/12\\\/unnamed-1.webp\",\"datePublished\":\"2025-12-23T11:39:28+00:00\",\"dateModified\":\"2025-12-24T10:48:35+00:00\",\"breadcrumb\":{\"@id\":\"https:\\\/\\\/libreriamaruri.com\\\/#breadcrumb\"},\"inLanguage\":\"eu\",\"potentialAction\":[{\"@type\":\"ReadAction\",\"target\":[\"https:\\\/\\\/libreriamaruri.com\\\/\"]}]},{\"@type\":\"ImageObject\",\"inLanguage\":\"eu\",\"@id\":\"https:\\\/\\\/libreriamaruri.com\\\/#primaryimage\",\"url\":\"https:\\\/\\\/libreriamaruri.com\\\/wp-content\\\/uploads\\\/2025\\\/12\\\/unnamed-1.webp\",\"contentUrl\":\"https:\\\/\\\/libreriamaruri.com\\\/wp-content\\\/uploads\\\/2025\\\/12\\\/unnamed-1.webp\"},{\"@type\":\"BreadcrumbList\",\"@id\":\"https:\\\/\\\/libreriamaruri.com\\\/#breadcrumb\",\"itemListElement\":[{\"@type\":\"ListItem\",\"position\":1,\"name\":\"Portada\",\"item\":\"https:\\\/\\\/libreriamaruri.com\\\/\"},{\"@type\":\"ListItem\",\"position\":2,\"name\":\"Inicio\"}]},{\"@type\":\"WebSite\",\"@id\":\"https:\\\/\\\/libreriamaruri.com\\\/#website\",\"url\":\"https:\\\/\\\/libreriamaruri.com\\\/\",\"name\":\"Librer\u00eda Maruri\",\"description\":\"Librer\u00eda - Papeler\u00eda - Prensa - Revistas - Fotocopias - Encuadernaciones - Plastificaciones - Fax - Sellos por encargo\",\"publisher\":{\"@id\":\"https:\\\/\\\/libreriamaruri.com\\\/#organization\"},\"potentialAction\":[{\"@type\":\"SearchAction\",\"target\":{\"@type\":\"EntryPoint\",\"urlTemplate\":\"https:\\\/\\\/libreriamaruri.com\\\/?s={search_term_string}\"},\"query-input\":{\"@type\":\"PropertyValueSpecification\",\"valueRequired\":true,\"valueName\":\"search_term_string\"}}],\"inLanguage\":\"eu\"},{\"@type\":\"Organization\",\"@id\":\"https:\\\/\\\/libreriamaruri.com\\\/#organization\",\"name\":\"Librer\u00eda Maruri\",\"url\":\"https:\\\/\\\/libreriamaruri.com\\\/\",\"logo\":{\"@type\":\"ImageObject\",\"inLanguage\":\"eu\",\"@id\":\"https:\\\/\\\/libreriamaruri.com\\\/#\\\/schema\\\/logo\\\/image\\\/\",\"url\":\"https:\\\/\\\/libreriamaruri.com\\\/wp-content\\\/uploads\\\/2025\\\/12\\\/cropped-1.png\",\"contentUrl\":\"https:\\\/\\\/libreriamaruri.com\\\/wp-content\\\/uploads\\\/2025\\\/12\\\/cropped-1.png\",\"width\":500,\"height\":320,\"caption\":\"Librer\u00eda Maruri\"},\"image\":{\"@id\":\"https:\\\/\\\/libreriamaruri.com\\\/#\\\/schema\\\/logo\\\/image\\\/\"}}]}<\/script>\n<!-- \/ Yoast SEO plugin. -->","yoast_head_json":{"title":"Inicio - Librer\u00eda Maruri","robots":{"index":"index","follow":"follow","max-snippet":"max-snippet:-1","max-image-preview":"max-image-preview:large","max-video-preview":"max-video-preview:-1"},"canonical":"https:\/\/libreriamaruri.com\/eu\/","og_locale":"en_US","og_type":"article","og_title":"Inicio - Librer\u00eda Maruri","og_description":"Librer\u00eda Maruri Sobre nosotros Esta librer\u00eda es un espacio dedicado a la lectura y a la vida cotidiana de sus clientes. En sus estanter\u00edas conviven libros para todas las edades con una cuidada selecci\u00f3n de prensa y revistas, creando un lugar donde informarse y descubrir nuevas historias. Adem\u00e1s, ofrece servicios pr\u00e1cticos como fotocopias, encuadernaciones y [&hellip;]","og_url":"https:\/\/libreriamaruri.com\/eu\/","og_site_name":"Librer\u00eda Maruri","article_modified_time":"2025-12-24T10:48:35+00:00","og_image":[{"url":"https:\/\/libreriamaruri.com\/wp-content\/uploads\/2025\/12\/unnamed-1.webp","type":"","width":"","height":""}],"twitter_card":"summary_large_image","twitter_misc":{"Est. reading time":"1 minutua"},"schema":{"@context":"https:\/\/schema.org","@graph":[{"@type":"WebPage","@id":"https:\/\/libreriamaruri.com\/","url":"https:\/\/libreriamaruri.com\/","name":"Inicio - Librer\u00eda Maruri","isPartOf":{"@id":"https:\/\/libreriamaruri.com\/#website"},"primaryImageOfPage":{"@id":"https:\/\/libreriamaruri.com\/#primaryimage"},"image":{"@id":"https:\/\/libreriamaruri.com\/#primaryimage"},"thumbnailUrl":"https:\/\/libreriamaruri.com\/wp-content\/uploads\/2025\/12\/unnamed-1.webp","datePublished":"2025-12-23T11:39:28+00:00","dateModified":"2025-12-24T10:48:35+00:00","breadcrumb":{"@id":"https:\/\/libreriamaruri.com\/#breadcrumb"},"inLanguage":"eu","potentialAction":[{"@type":"ReadAction","target":["https:\/\/libreriamaruri.com\/"]}]},{"@type":"ImageObject","inLanguage":"eu","@id":"https:\/\/libreriamaruri.com\/#primaryimage","url":"https:\/\/libreriamaruri.com\/wp-content\/uploads\/2025\/12\/unnamed-1.webp","contentUrl":"https:\/\/libreriamaruri.com\/wp-content\/uploads\/2025\/12\/unnamed-1.webp"},{"@type":"BreadcrumbList","@id":"https:\/\/libreriamaruri.com\/#breadcrumb","itemListElement":[{"@type":"ListItem","position":1,"name":"Portada","item":"https:\/\/libreriamaruri.com\/"},{"@type":"ListItem","position":2,"name":"Inicio"}]},{"@type":"WebSite","@id":"https:\/\/libreriamaruri.com\/#website","url":"https:\/\/libreriamaruri.com\/","name":"Maruri liburu-denda","description":"Librer\u00eda - Papeler\u00eda - Prensa - Revistas - Fotocopias - Encuadernaciones - Plastificaciones - Fax - Sellos por encargo","publisher":{"@id":"https:\/\/libreriamaruri.com\/#organization"},"potentialAction":[{"@type":"SearchAction","target":{"@type":"EntryPoint","urlTemplate":"https:\/\/libreriamaruri.com\/?s={search_term_string}"},"query-input":{"@type":"PropertyValueSpecification","valueRequired":true,"valueName":"search_term_string"}}],"inLanguage":"eu"},{"@type":"Organization","@id":"https:\/\/libreriamaruri.com\/#organization","name":"Maruri liburu-denda","url":"https:\/\/libreriamaruri.com\/","logo":{"@type":"ImageObject","inLanguage":"eu","@id":"https:\/\/libreriamaruri.com\/#\/schema\/logo\/image\/","url":"https:\/\/libreriamaruri.com\/wp-content\/uploads\/2025\/12\/cropped-1.png","contentUrl":"https:\/\/libreriamaruri.com\/wp-content\/uploads\/2025\/12\/cropped-1.png","width":500,"height":320,"caption":"Librer\u00eda Maruri"},"image":{"@id":"https:\/\/libreriamaruri.com\/#\/schema\/logo\/image\/"}}]}},"_links":{"self":[{"href":"https:\/\/libreriamaruri.com\/eu\/wp-json\/wp\/v2\/pages\/10","targetHints":{"allow":["GET"]}}],"collection":[{"href":"https:\/\/libreriamaruri.com\/eu\/wp-json\/wp\/v2\/pages"}],"about":[{"href":"https:\/\/libreriamaruri.com\/eu\/wp-json\/wp\/v2\/types\/page"}],"author":[{"embeddable":true,"href":"https:\/\/libreriamaruri.com\/eu\/wp-json\/wp\/v2\/users\/1"}],"replies":[{"embeddable":true,"href":"https:\/\/libreriamaruri.com\/eu\/wp-json\/wp\/v2\/comments?post=10"}],"version-history":[{"count":61,"href":"https:\/\/libreriamaruri.com\/eu\/wp-json\/wp\/v2\/pages\/10\/revisions"}],"predecessor-version":[{"id":355,"href":"https:\/\/libreriamaruri.com\/eu\/wp-json\/wp\/v2\/pages\/10\/revisions\/355"}],"wp:attachment":[{"href":"https:\/\/libreriamaruri.com\/eu\/wp-json\/wp\/v2\/media?parent=10"}],"curies":[{"name":"wp","href":"https:\/\/api.w.org\/{rel}","templated":true}]}}