{"id":14,"date":"2025-12-23T11:44:49","date_gmt":"2025-12-23T11:44:49","guid":{"rendered":"https:\/\/libreriamaruri.rkinformatika.online\/?page_id=14"},"modified":"2026-01-21T17:32:40","modified_gmt":"2026-01-21T17:32:40","slug":"contacto","status":"publish","type":"page","link":"https:\/\/libreriamaruri.com\/eu\/contacto\/","title":{"rendered":"Kontaktua"},"content":{"rendered":"\t\t<div data-elementor-type=\"wp-page\" data-elementor-id=\"14\" class=\"elementor elementor-14\" data-elementor-post-type=\"page\">\n\t\t\t\t<div class=\"elementor-element elementor-element-337647b e-flex e-con-boxed e-con e-parent\" data-id=\"337647b\" data-element_type=\"container\" data-e-type=\"container\" data-settings=\"{&quot;background_background&quot;:&quot;classic&quot;}\">\n\t\t\t\t\t<div class=\"e-con-inner\">\n\t\t\t\t<div class=\"elementor-element elementor-element-db43230 elementor-widget elementor-widget-heading\" data-id=\"db43230\" data-element_type=\"widget\" data-e-type=\"widget\" data-widget_type=\"heading.default\">\n\t\t\t\t\t<h2 class=\"elementor-heading-title elementor-size-default\">Cada consulta es bienvenida.<\/h2>\t\t\t\t<\/div>\n\t\t\t\t\t<\/div>\n\t\t\t\t<\/div>\n\t\t<div class=\"elementor-element elementor-element-37b2b26 e-flex e-con-boxed e-con e-parent\" data-id=\"37b2b26\" data-element_type=\"container\" data-e-type=\"container\">\n\t\t\t\t\t<div class=\"e-con-inner\">\n\t\t<div class=\"elementor-element elementor-element-e173adb e-con-full e-flex e-con e-child\" data-id=\"e173adb\" data-element_type=\"container\" data-e-type=\"container\">\n\t\t\t\t<div class=\"elementor-element elementor-element-4c6322e elementor-widget elementor-widget-heading\" data-id=\"4c6322e\" data-element_type=\"widget\" data-e-type=\"widget\" data-widget_type=\"heading.default\">\n\t\t\t\t\t<h2 class=\"elementor-heading-title elementor-size-default\">Escr\u00edbenos para resolver dudas o solicitar pedidos especiales.<a style=\"text-decoration: none;color: #5EA84A\" target=\"blank\"><\/a> <br><\/h2>\t\t\t\t<\/div>\n\t\t\t\t<div class=\"elementor-element elementor-element-fa6b96a elementor-widget elementor-widget-text-editor\" data-id=\"fa6b96a\" data-element_type=\"widget\" data-e-type=\"widget\" data-widget_type=\"text-editor.default\">\n\t\t\t\t\t\t\t\t\t<p>Completa el formulario y te contactaremos muy pronto.<\/p>\t\t\t\t\t\t\t\t<\/div>\n\t\t\t\t<div class=\"elementor-element elementor-element-8b18907 elementor-button-align-start elementor-widget__width-initial elementor-widget elementor-widget-form\" data-id=\"8b18907\" data-element_type=\"widget\" data-e-type=\"widget\" data-settings=\"{&quot;button_width&quot;:&quot;50&quot;,&quot;step_next_label&quot;:&quot;Next&quot;,&quot;step_previous_label&quot;:&quot;Previous&quot;,&quot;step_type&quot;:&quot;number_text&quot;,&quot;step_icon_shape&quot;:&quot;circle&quot;}\" data-widget_type=\"form.default\">\n\t\t\t\t\t\t\t<form class=\"elementor-form\" method=\"post\" name=\"Contacto ContactoPage\" aria-label=\"Contacto ContactoPage\">\n\t\t\t<input type=\"hidden\" name=\"post_id\" value=\"14\"\/>\n\t\t\t<input type=\"hidden\" name=\"form_id\" value=\"8b18907\"\/>\n\t\t\t<input type=\"hidden\" name=\"referer_title\" value=\"Librer\u00eda Maruri\" \/>\n\n\t\t\t\n\t\t\t<div class=\"elementor-form-fields-wrapper elementor-labels-\">\n\t\t\t\t\t\t\t\t<div class=\"elementor-field-type-text elementor-field-group elementor-column elementor-field-group-name elementor-col-100 elementor-field-required\">\n\t\t\t\t\t\t\t\t\t\t\t\t<label for=\"form-field-name\" class=\"elementor-field-label elementor-screen-only\">\n\t\t\t\t\t\t\t\tName\t\t\t\t\t\t\t<\/label>\n\t\t\t\t\t\t\t\t\t\t\t\t\t\t<input size=\"1\" type=\"text\" name=\"form_fields[name]\" id=\"form-field-name\" class=\"elementor-field elementor-size-sm  elementor-field-textual\" placeholder=\"Nombre\" required=\"required\">\n\t\t\t\t\t\t\t\t\t\t\t<\/div>\n\t\t\t\t\t\t\t\t<div class=\"elementor-field-type-email elementor-field-group elementor-column elementor-field-group-email elementor-col-33 elementor-field-required\">\n\t\t\t\t\t\t\t\t\t\t\t\t<label for=\"form-field-email\" class=\"elementor-field-label elementor-screen-only\">\n\t\t\t\t\t\t\t\tEmail\t\t\t\t\t\t\t<\/label>\n\t\t\t\t\t\t\t\t\t\t\t\t\t\t<input size=\"1\" type=\"email\" name=\"form_fields[email]\" id=\"form-field-email\" class=\"elementor-field elementor-size-sm  elementor-field-textual\" placeholder=\"Email\" required=\"required\">\n\t\t\t\t\t\t\t\t\t\t\t<\/div>\n\t\t\t\t\t\t\t\t<div class=\"elementor-field-type-tel elementor-field-group elementor-column elementor-field-group-movil elementor-col-33 elementor-field-required\">\n\t\t\t\t\t\t\t\t\t\t\t\t<label for=\"form-field-movil\" class=\"elementor-field-label elementor-screen-only\">\n\t\t\t\t\t\t\t\tM\u00f3vil\t\t\t\t\t\t\t<\/label>\n\t\t\t\t\t\t\t\t<input size=\"1\" type=\"tel\" name=\"form_fields[movil]\" id=\"form-field-movil\" class=\"elementor-field elementor-size-sm  elementor-field-textual\" placeholder=\"M\u00f3vil\" required=\"required\" pattern=\"[0-9()#&amp;+*-=.]+\" title=\"Only numbers and phone characters (#, -, *, etc) are accepted.\">\n\n\t\t\t\t\t\t<\/div>\n\t\t\t\t\t\t\t\t<div class=\"elementor-field-type-text elementor-field-group elementor-column elementor-field-group-field_176c31e elementor-col-33 elementor-field-required\">\n\t\t\t\t\t\t\t\t\t\t\t\t<label for=\"form-field-field_176c31e\" class=\"elementor-field-label elementor-screen-only\">\n\t\t\t\t\t\t\t\tTema\t\t\t\t\t\t\t<\/label>\n\t\t\t\t\t\t\t\t\t\t\t\t\t\t<input size=\"1\" type=\"text\" name=\"form_fields[field_176c31e]\" id=\"form-field-field_176c31e\" class=\"elementor-field elementor-size-sm  elementor-field-textual\" placeholder=\"Tema\" required=\"required\">\n\t\t\t\t\t\t\t\t\t\t\t<\/div>\n\t\t\t\t\t\t\t\t<div class=\"elementor-field-type-textarea elementor-field-group elementor-column elementor-field-group-field_5d08d9b elementor-col-100 elementor-field-required\">\n\t\t\t\t\t\t\t\t\t\t\t\t<label for=\"form-field-field_5d08d9b\" class=\"elementor-field-label elementor-screen-only\">\n\t\t\t\t\t\t\t\tMensaje\t\t\t\t\t\t\t<\/label>\n\t\t\t\t\t\t<textarea class=\"elementor-field-textual elementor-field  elementor-size-sm\" name=\"form_fields[field_5d08d9b]\" id=\"form-field-field_5d08d9b\" rows=\"4\" placeholder=\"Mensaje\" required=\"required\"><\/textarea>\t\t\t\t<\/div>\n\t\t\t\t\t\t\t\t<div class=\"elementor-field-type-checkbox elementor-field-group elementor-column elementor-field-group-field_5de6374 elementor-col-100\">\n\t\t\t\t\t\t\t\t\t\t\t\t<label for=\"form-field-field_5de6374\" class=\"elementor-field-label elementor-screen-only\">\n\t\t\t\t\t\t\t\tHe Le\u00eddo \t\t\t\t\t\t\t<\/label>\n\t\t\t\t\t\t<div class=\"elementor-field-subgroup  \"><span class=\"elementor-field-option\"><input type=\"checkbox\" value=\"He Le\u00eddo y Acepto la &lt;a href=&quot;https:\/\/rksolutions.es\/politica-de-privacidad\/&quot; onclick=&quot;window.open(this.href,&#039;privacidad&#039;,&#039;width=800,height=600&#039;);return false;&quot;&gt;Pol\u00edtica de Privacidad&lt;\/a&gt;\" id=\"form-field-field_5de6374-0\" name=\"form_fields[field_5de6374]\"> <label for=\"form-field-field_5de6374-0\">He Le\u00eddo y Acepto la <a href=\"https:\/\/rksolutions.es\/politica-de-privacidad\/\" onclick=\"window.open(this.href,'privacidad','width=800,height=600');return false;\">Pol\u00edtica de Privacidad<\/a><\/label><\/span><\/div>\t\t\t\t<\/div>\n\t\t\t\t\t\t\t\t<div class=\"elementor-field-type-recaptcha_v3 elementor-field-group elementor-column elementor-field-group-field_9e00c78 elementor-col-100 recaptcha_v3-bottomright\">\n\t\t\t\t\t<div class=\"elementor-field\" id=\"form-field-field_9e00c78\"><\/div>\t\t\t\t<\/div>\n\t\t\t\t\t\t\t\t<div class=\"elementor-field-group elementor-column elementor-field-type-submit elementor-col-50 e-form__buttons\">\n\t\t\t\t\t<button class=\"elementor-button elementor-size-sm\" type=\"submit\">\n\t\t\t\t\t\t<span class=\"elementor-button-content-wrapper\">\n\t\t\t\t\t\t\t\t\t\t\t\t\t\t\t<span class=\"elementor-button-icon\">\n\t\t\t\t\t\t\t\t\t<svg aria-hidden=\"true\" class=\"e-font-icon-svg e-fas-paper-plane\" viewBox=\"0 0 512 512\" xmlns=\"http:\/\/www.w3.org\/2000\/svg\"><path d=\"M476 3.2L12.5 270.6c-18.1 10.4-15.8 35.6 2.2 43.2L121 358.4l287.3-253.2c5.5-4.9 13.3 2.6 8.6 8.3L176 407v80.5c0 23.6 28.5 32.9 42.5 15.8L282 426l124.6 52.2c14.2 6 30.4-2.9 33-18.2l72-432C515 7.8 493.3-6.8 476 3.2z\"><\/path><\/svg>\t\t\t\t\t\t\t\t\t\t\t\t\t\t\t\t\t<\/span>\n\t\t\t\t\t\t\t\t\t\t\t\t\t\t\t\t\t\t\t\t\t\t<span class=\"elementor-button-text\">Enviar<\/span>\n\t\t\t\t\t\t\t\t\t\t\t\t\t<\/span>\n\t\t\t\t\t<\/button>\n\t\t\t\t<\/div>\n\t\t\t<\/div>\n\t\t<\/form>\n\t\t\t\t\t\t<\/div>\n\t\t\t\t<\/div>\n\t\t<div class=\"elementor-element elementor-element-167b91f e-con-full animated-slow e-flex elementor-invisible e-con e-child\" data-id=\"167b91f\" data-element_type=\"container\" data-e-type=\"container\" data-settings=\"{&quot;background_background&quot;:&quot;classic&quot;,&quot;animation&quot;:&quot;fadeInLeft&quot;}\">\n\t\t\t\t<div class=\"elementor-element elementor-element-ac1a274 elementor-widget__width-inherit elementor-widget elementor-widget-heading\" data-id=\"ac1a274\" data-element_type=\"widget\" data-e-type=\"widget\" data-widget_type=\"heading.default\">\n\t\t\t\t\t<h2 class=\"elementor-heading-title elementor-size-default\">Informaci\u00f3n General<\/h2>\t\t\t\t<\/div>\n\t\t\t\t<div class=\"elementor-element elementor-element-25b0373 elementor-widget__width-inherit elementor-widget elementor-widget-heading\" data-id=\"25b0373\" data-element_type=\"widget\" data-e-type=\"widget\" data-widget_type=\"heading.default\">\n\t\t\t\t\t<h2 class=\"elementor-heading-title elementor-size-default\">Tel\u00e9fono<\/h2>\t\t\t\t<\/div>\n\t\t\t\t<div class=\"elementor-element elementor-element-9546f23 elementor-widget elementor-widget-heading\" data-id=\"9546f23\" data-element_type=\"widget\" data-e-type=\"widget\" data-widget_type=\"heading.default\">\n\t\t\t\t\t<h2 class=\"elementor-heading-title elementor-size-default\">+34 946 800 133 \n<Br> 660 428 989 (s\u00f3lo whatsApp)<\/h2>\t\t\t\t<\/div>\n\t\t\t\t<div class=\"elementor-element elementor-element-372b6f0 elementor-widget-divider--view-line elementor-widget elementor-widget-divider\" data-id=\"372b6f0\" data-element_type=\"widget\" data-e-type=\"widget\" data-widget_type=\"divider.default\">\n\t\t\t\t\t\t\t<div class=\"elementor-divider\">\n\t\t\t<span class=\"elementor-divider-separator\">\n\t\t\t\t\t\t<\/span>\n\t\t<\/div>\n\t\t\t\t\t\t<\/div>\n\t\t\t\t<div class=\"elementor-element elementor-element-9deeb67 elementor-widget__width-inherit elementor-widget elementor-widget-heading\" data-id=\"9deeb67\" data-element_type=\"widget\" data-e-type=\"widget\" data-widget_type=\"heading.default\">\n\t\t\t\t\t<h2 class=\"elementor-heading-title elementor-size-default\">Email<\/h2>\t\t\t\t<\/div>\n\t\t\t\t<div class=\"elementor-element elementor-element-656a1f9 elementor-widget elementor-widget-heading\" data-id=\"656a1f9\" data-element_type=\"widget\" data-e-type=\"widget\" data-widget_type=\"heading.default\">\n\t\t\t\t\t<h2 class=\"elementor-heading-title elementor-size-default\"><a href=\"mailto:%20libreriamaruri@yahoo.es\">libreriamaruri@yahoo.es\n<Br>copiasmaruri@gmail.com\n<\/a><\/h2>\t\t\t\t<\/div>\n\t\t\t\t<div class=\"elementor-element elementor-element-5dff514 elementor-widget-divider--view-line elementor-widget elementor-widget-divider\" data-id=\"5dff514\" data-element_type=\"widget\" data-e-type=\"widget\" data-widget_type=\"divider.default\">\n\t\t\t\t\t\t\t<div class=\"elementor-divider\">\n\t\t\t<span class=\"elementor-divider-separator\">\n\t\t\t\t\t\t<\/span>\n\t\t<\/div>\n\t\t\t\t\t\t<\/div>\n\t\t\t\t<div class=\"elementor-element elementor-element-ca320de elementor-widget__width-inherit elementor-widget elementor-widget-heading\" data-id=\"ca320de\" data-element_type=\"widget\" data-e-type=\"widget\" data-widget_type=\"heading.default\">\n\t\t\t\t\t<h2 class=\"elementor-heading-title elementor-size-default\">Direcci\u00f3n<\/h2>\t\t\t\t<\/div>\n\t\t\t\t<div class=\"elementor-element elementor-element-4dc0d3b elementor-widget elementor-widget-heading\" data-id=\"4dc0d3b\" data-element_type=\"widget\" data-e-type=\"widget\" data-widget_type=\"heading.default\">\n\t\t\t\t\t<h2 class=\"elementor-heading-title elementor-size-default\">Correria Hedegile Kalea, 20, 48800 Balmaseda, Bizkaia<\/h2>\t\t\t\t<\/div>\n\t\t\t\t<div class=\"elementor-element elementor-element-dd37b2b elementor-widget-divider--view-line elementor-widget elementor-widget-divider\" data-id=\"dd37b2b\" data-element_type=\"widget\" data-e-type=\"widget\" data-widget_type=\"divider.default\">\n\t\t\t\t\t\t\t<div class=\"elementor-divider\">\n\t\t\t<span class=\"elementor-divider-separator\">\n\t\t\t\t\t\t<\/span>\n\t\t<\/div>\n\t\t\t\t\t\t<\/div>\n\t\t\t\t<div class=\"elementor-element elementor-element-54ba278 elementor-widget__width-inherit elementor-widget elementor-widget-heading\" data-id=\"54ba278\" data-element_type=\"widget\" data-e-type=\"widget\" data-widget_type=\"heading.default\">\n\t\t\t\t\t<h2 class=\"elementor-heading-title elementor-size-default\">Horario<\/h2>\t\t\t\t<\/div>\n\t\t\t\t<div class=\"elementor-element elementor-element-39314f6 elementor-widget elementor-widget-heading\" data-id=\"39314f6\" data-element_type=\"widget\" data-e-type=\"widget\" data-widget_type=\"heading.default\">\n\t\t\t\t\t<h2 class=\"elementor-heading-title elementor-size-default\">Lunes a Viernes\n08:00\u201313:30 h.\n    17:00\u201319:30 h.\n<Br> S\u00e1bados\n08:00\u201313:30 h.\n<Br> Domingos y festivos\n08:00-13:00 h.<\/h2>\t\t\t\t<\/div>\n\t\t\t\t<\/div>\n\t\t\t\t\t<\/div>\n\t\t\t\t<\/div>\n\t\t\t\t<\/div>\n\t\t","protected":false},"excerpt":{"rendered":"<p>Cada consulta es bienvenida. Escr\u00edbenos para resolver dudas o solicitar pedidos especiales. Completa el formulario y te contactaremos muy pronto. Informaci\u00f3n General Tel\u00e9fono +34 946 800 133 660 428 989 (s\u00f3lo whatsApp) Email libreriamaruri@yahoo.es copiasmaruri@gmail.com Direcci\u00f3n Correria Hedegile Kalea, 20, 48800 Balmaseda, Bizkaia Horario Lunes a Viernes 08:00\u201313:30 h. 17:00\u201319:30 h. S\u00e1bados 08:00\u201313:30 h. Domingos [&hellip;]<\/p>\n","protected":false},"author":1,"featured_media":0,"parent":0,"menu_order":0,"comment_status":"closed","ping_status":"closed","template":"elementor_canvas","meta":{"footnotes":""},"class_list":["post-14","page","type-page","status-publish","hentry"],"yoast_head":"<!-- This site is optimized with the Yoast SEO plugin v27.3 - https:\/\/yoast.com\/product\/yoast-seo-wordpress\/ -->\n<title>Contacto - Librer\u00eda Maruri<\/title>\n<meta name=\"robots\" content=\"index, follow, max-snippet:-1, max-image-preview:large, max-video-preview:-1\" \/>\n<link rel=\"canonical\" href=\"https:\/\/libreriamaruri.com\/eu\/contacto\/\" \/>\n<meta property=\"og:locale\" content=\"en_US\" \/>\n<meta property=\"og:type\" content=\"article\" \/>\n<meta property=\"og:title\" content=\"Contacto - Librer\u00eda Maruri\" \/>\n<meta property=\"og:description\" content=\"Cada consulta es bienvenida. Escr\u00edbenos para resolver dudas o solicitar pedidos especiales. Completa el formulario y te contactaremos muy pronto. Informaci\u00f3n General Tel\u00e9fono +34 946 800 133 660 428 989 (s\u00f3lo whatsApp) Email libreriamaruri@yahoo.es copiasmaruri@gmail.com Direcci\u00f3n Correria Hedegile Kalea, 20, 48800 Balmaseda, Bizkaia Horario Lunes a Viernes 08:00\u201313:30 h. 17:00\u201319:30 h. S\u00e1bados 08:00\u201313:30 h. Domingos [&hellip;]\" \/>\n<meta property=\"og:url\" content=\"https:\/\/libreriamaruri.com\/eu\/contacto\/\" \/>\n<meta property=\"og:site_name\" content=\"Librer\u00eda Maruri\" \/>\n<meta property=\"article:modified_time\" content=\"2026-01-21T17:32:40+00:00\" \/>\n<meta name=\"twitter:card\" content=\"summary_large_image\" \/>\n<meta name=\"twitter:label1\" content=\"Est. reading time\" \/>\n\t<meta name=\"twitter:data1\" content=\"1 minutua\" \/>\n<script type=\"application\/ld+json\" class=\"yoast-schema-graph\">{\"@context\":\"https:\\\/\\\/schema.org\",\"@graph\":[{\"@type\":\"WebPage\",\"@id\":\"https:\\\/\\\/libreriamaruri.com\\\/contacto\\\/\",\"url\":\"https:\\\/\\\/libreriamaruri.com\\\/contacto\\\/\",\"name\":\"Contacto - Librer\u00eda Maruri\",\"isPartOf\":{\"@id\":\"https:\\\/\\\/libreriamaruri.com\\\/#website\"},\"datePublished\":\"2025-12-23T11:44:49+00:00\",\"dateModified\":\"2026-01-21T17:32:40+00:00\",\"breadcrumb\":{\"@id\":\"https:\\\/\\\/libreriamaruri.com\\\/contacto\\\/#breadcrumb\"},\"inLanguage\":\"eu\",\"potentialAction\":[{\"@type\":\"ReadAction\",\"target\":[\"https:\\\/\\\/libreriamaruri.com\\\/contacto\\\/\"]}]},{\"@type\":\"BreadcrumbList\",\"@id\":\"https:\\\/\\\/libreriamaruri.com\\\/contacto\\\/#breadcrumb\",\"itemListElement\":[{\"@type\":\"ListItem\",\"position\":1,\"name\":\"Portada\",\"item\":\"https:\\\/\\\/libreriamaruri.com\\\/\"},{\"@type\":\"ListItem\",\"position\":2,\"name\":\"Contacto\"}]},{\"@type\":\"WebSite\",\"@id\":\"https:\\\/\\\/libreriamaruri.com\\\/#website\",\"url\":\"https:\\\/\\\/libreriamaruri.com\\\/\",\"name\":\"Librer\u00eda Maruri\",\"description\":\"Librer\u00eda - Papeler\u00eda - Prensa - Revistas - Fotocopias - Encuadernaciones - Plastificaciones - Fax - Sellos por encargo\",\"publisher\":{\"@id\":\"https:\\\/\\\/libreriamaruri.com\\\/#organization\"},\"potentialAction\":[{\"@type\":\"SearchAction\",\"target\":{\"@type\":\"EntryPoint\",\"urlTemplate\":\"https:\\\/\\\/libreriamaruri.com\\\/?s={search_term_string}\"},\"query-input\":{\"@type\":\"PropertyValueSpecification\",\"valueRequired\":true,\"valueName\":\"search_term_string\"}}],\"inLanguage\":\"eu\"},{\"@type\":\"Organization\",\"@id\":\"https:\\\/\\\/libreriamaruri.com\\\/#organization\",\"name\":\"Librer\u00eda Maruri\",\"url\":\"https:\\\/\\\/libreriamaruri.com\\\/\",\"logo\":{\"@type\":\"ImageObject\",\"inLanguage\":\"eu\",\"@id\":\"https:\\\/\\\/libreriamaruri.com\\\/#\\\/schema\\\/logo\\\/image\\\/\",\"url\":\"https:\\\/\\\/libreriamaruri.com\\\/wp-content\\\/uploads\\\/2025\\\/12\\\/cropped-1.png\",\"contentUrl\":\"https:\\\/\\\/libreriamaruri.com\\\/wp-content\\\/uploads\\\/2025\\\/12\\\/cropped-1.png\",\"width\":500,\"height\":320,\"caption\":\"Librer\u00eda Maruri\"},\"image\":{\"@id\":\"https:\\\/\\\/libreriamaruri.com\\\/#\\\/schema\\\/logo\\\/image\\\/\"}}]}<\/script>\n<!-- \/ Yoast SEO plugin. -->","yoast_head_json":{"title":"Contacto - Librer\u00eda Maruri","robots":{"index":"index","follow":"follow","max-snippet":"max-snippet:-1","max-image-preview":"max-image-preview:large","max-video-preview":"max-video-preview:-1"},"canonical":"https:\/\/libreriamaruri.com\/eu\/contacto\/","og_locale":"en_US","og_type":"article","og_title":"Contacto - Librer\u00eda Maruri","og_description":"Cada consulta es bienvenida. Escr\u00edbenos para resolver dudas o solicitar pedidos especiales. Completa el formulario y te contactaremos muy pronto. Informaci\u00f3n General Tel\u00e9fono +34 946 800 133 660 428 989 (s\u00f3lo whatsApp) Email libreriamaruri@yahoo.es copiasmaruri@gmail.com Direcci\u00f3n Correria Hedegile Kalea, 20, 48800 Balmaseda, Bizkaia Horario Lunes a Viernes 08:00\u201313:30 h. 17:00\u201319:30 h. S\u00e1bados 08:00\u201313:30 h. Domingos [&hellip;]","og_url":"https:\/\/libreriamaruri.com\/eu\/contacto\/","og_site_name":"Librer\u00eda Maruri","article_modified_time":"2026-01-21T17:32:40+00:00","twitter_card":"summary_large_image","twitter_misc":{"Est. reading time":"1 minutua"},"schema":{"@context":"https:\/\/schema.org","@graph":[{"@type":"WebPage","@id":"https:\/\/libreriamaruri.com\/contacto\/","url":"https:\/\/libreriamaruri.com\/contacto\/","name":"Contacto - Librer\u00eda Maruri","isPartOf":{"@id":"https:\/\/libreriamaruri.com\/#website"},"datePublished":"2025-12-23T11:44:49+00:00","dateModified":"2026-01-21T17:32:40+00:00","breadcrumb":{"@id":"https:\/\/libreriamaruri.com\/contacto\/#breadcrumb"},"inLanguage":"eu","potentialAction":[{"@type":"ReadAction","target":["https:\/\/libreriamaruri.com\/contacto\/"]}]},{"@type":"BreadcrumbList","@id":"https:\/\/libreriamaruri.com\/contacto\/#breadcrumb","itemListElement":[{"@type":"ListItem","position":1,"name":"Portada","item":"https:\/\/libreriamaruri.com\/"},{"@type":"ListItem","position":2,"name":"Contacto"}]},{"@type":"WebSite","@id":"https:\/\/libreriamaruri.com\/#website","url":"https:\/\/libreriamaruri.com\/","name":"Maruri liburu-denda","description":"Librer\u00eda - Papeler\u00eda - Prensa - Revistas - Fotocopias - Encuadernaciones - Plastificaciones - Fax - Sellos por encargo","publisher":{"@id":"https:\/\/libreriamaruri.com\/#organization"},"potentialAction":[{"@type":"SearchAction","target":{"@type":"EntryPoint","urlTemplate":"https:\/\/libreriamaruri.com\/?s={search_term_string}"},"query-input":{"@type":"PropertyValueSpecification","valueRequired":true,"valueName":"search_term_string"}}],"inLanguage":"eu"},{"@type":"Organization","@id":"https:\/\/libreriamaruri.com\/#organization","name":"Maruri liburu-denda","url":"https:\/\/libreriamaruri.com\/","logo":{"@type":"ImageObject","inLanguage":"eu","@id":"https:\/\/libreriamaruri.com\/#\/schema\/logo\/image\/","url":"https:\/\/libreriamaruri.com\/wp-content\/uploads\/2025\/12\/cropped-1.png","contentUrl":"https:\/\/libreriamaruri.com\/wp-content\/uploads\/2025\/12\/cropped-1.png","width":500,"height":320,"caption":"Librer\u00eda Maruri"},"image":{"@id":"https:\/\/libreriamaruri.com\/#\/schema\/logo\/image\/"}}]}},"_links":{"self":[{"href":"https:\/\/libreriamaruri.com\/eu\/wp-json\/wp\/v2\/pages\/14","targetHints":{"allow":["GET"]}}],"collection":[{"href":"https:\/\/libreriamaruri.com\/eu\/wp-json\/wp\/v2\/pages"}],"about":[{"href":"https:\/\/libreriamaruri.com\/eu\/wp-json\/wp\/v2\/types\/page"}],"author":[{"embeddable":true,"href":"https:\/\/libreriamaruri.com\/eu\/wp-json\/wp\/v2\/users\/1"}],"replies":[{"embeddable":true,"href":"https:\/\/libreriamaruri.com\/eu\/wp-json\/wp\/v2\/comments?post=14"}],"version-history":[{"count":25,"href":"https:\/\/libreriamaruri.com\/eu\/wp-json\/wp\/v2\/pages\/14\/revisions"}],"predecessor-version":[{"id":364,"href":"https:\/\/libreriamaruri.com\/eu\/wp-json\/wp\/v2\/pages\/14\/revisions\/364"}],"wp:attachment":[{"href":"https:\/\/libreriamaruri.com\/eu\/wp-json\/wp\/v2\/media?parent=14"}],"curies":[{"name":"wp","href":"https:\/\/api.w.org\/{rel}","templated":true}]}}